{"id":507,"date":"2026-04-08T13:25:50","date_gmt":"2026-04-08T11:25:50","guid":{"rendered":"https:\/\/serwer.bydgoszcz.pl\/?page_id=507"},"modified":"2026-04-08T15:50:38","modified_gmt":"2026-04-08T13:50:38","slug":"strona-glowna-elementor","status":"publish","type":"page","link":"https:\/\/serwer.bydgoszcz.pl\/","title":{"rendered":"Strona g\u0142\u00f3wna"},"content":{"rendered":"\t\t<div data-elementor-type=\"wp-page\" data-elementor-id=\"507\" class=\"elementor elementor-507\">\n\t\t\t\t<div class=\"elementor-element elementor-element-18b3a41 e-con-full e-flex e-con e-parent\" data-id=\"18b3a41\" data-element_type=\"container\" data-e-type=\"container\">\n\t\t\t\t<div class=\"elementor-element elementor-element-b58c0e9 elementor-widget__width-inherit elementor-widget elementor-widget-image-carousel\" data-id=\"b58c0e9\" data-element_type=\"widget\" data-e-type=\"widget\" data-settings=\"{&quot;slides_to_show&quot;:&quot;1&quot;,&quot;navigation&quot;:&quot;none&quot;,&quot;autoplay&quot;:&quot;yes&quot;,&quot;pause_on_interaction&quot;:&quot;yes&quot;,&quot;autoplay_speed&quot;:5000,&quot;infinite&quot;:&quot;yes&quot;,&quot;effect&quot;:&quot;slide&quot;,&quot;speed&quot;:500}\" data-widget_type=\"image-carousel.default\">\n\t\t\t\t\t\t\t<div class=\"elementor-image-carousel-wrapper swiper\" role=\"region\" aria-roledescription=\"carousel\" aria-label=\"Karuzela obrazk\u00f3w\" dir=\"ltr\">\n\t\t\t<div class=\"elementor-image-carousel swiper-wrapper swiper-image-stretch\" aria-live=\"off\">\n\t\t\t\t\t\t\t\t<div class=\"swiper-slide\" role=\"group\" aria-roledescription=\"slide\" aria-label=\"1 z 3\"><figure class=\"swiper-slide-inner\"><img decoding=\"async\" class=\"swiper-slide-image\" src=\"https:\/\/serwer.bydgoszcz.pl\/wp-content\/uploads\/2022\/02\/pomocy.png\" alt=\"laptop\" \/><\/figure><\/div><div class=\"swiper-slide\" role=\"group\" aria-roledescription=\"slide\" aria-label=\"2 z 3\"><figure class=\"swiper-slide-inner\"><img decoding=\"async\" class=\"swiper-slide-image\" src=\"https:\/\/serwer.bydgoszcz.pl\/wp-content\/uploads\/2021\/09\/informatyka.png\" alt=\"klawiatura\" \/><\/figure><\/div><div class=\"swiper-slide\" role=\"group\" aria-roledescription=\"slide\" aria-label=\"3 z 3\"><figure class=\"swiper-slide-inner\"><img decoding=\"async\" class=\"swiper-slide-image\" src=\"https:\/\/serwer.bydgoszcz.pl\/wp-content\/uploads\/2021\/09\/nieruchomosci.png\" alt=\"klamka\" \/><\/figure><\/div>\t\t\t<\/div>\n\t\t\t\t\t\t\t\n\t\t\t\t\t\t\t\t\t<\/div>\n\t\t\t\t\t\t<\/div>\n\t\t<div class=\"elementor-element elementor-element-2a0c17a e-grid e-con-boxed e-con e-child\" data-id=\"2a0c17a\" data-element_type=\"container\" data-e-type=\"container\">\n\t\t\t\t\t<div class=\"e-con-inner\">\n\t\t<div class=\"elementor-element elementor-element-c205919 kwadrat e-flex e-con-boxed e-con e-child\" data-id=\"c205919\" data-element_type=\"container\" data-e-type=\"container\" data-settings=\"{&quot;background_background&quot;:&quot;classic&quot;}\">\n\t\t\t\t\t<div class=\"e-con-inner\">\n\t\t\t\t<div class=\"elementor-element elementor-element-a7bce87 elementor-widget elementor-widget-image\" data-id=\"a7bce87\" data-element_type=\"widget\" data-e-type=\"widget\" data-widget_type=\"image.default\">\n\t\t\t\t\t\t\t\t\t\t\t\t\t\t\t<img decoding=\"async\" src=\"https:\/\/serwer.bydgoszcz.pl\/wp-content\/uploads\/2026\/04\/house-logo-02-02-1.png\" title=\"house-logo-02-02\" alt=\"house-logo-02-02\" loading=\"lazy\" \/>\t\t\t\t\t\t\t\t\t\t\t\t\t\t\t<\/div>\n\t\t\t\t<div class=\"elementor-element elementor-element-4aa915e elementor-widget elementor-widget-text-editor\" data-id=\"4aa915e\" data-element_type=\"widget\" data-e-type=\"widget\" data-widget_type=\"text-editor.default\">\n\t\t\t\t\t\t\t\t\t<p><strong>NIERUCHOMO\u015aCI<\/strong><\/p>\t\t\t\t\t\t\t\t<\/div>\n\t\t\t\t<div class=\"elementor-element elementor-element-007b0c4 elementor-widget elementor-widget-text-editor\" data-id=\"007b0c4\" data-element_type=\"widget\" data-e-type=\"widget\" data-widget_type=\"text-editor.default\">\n\t\t\t\t\t\t\t\t\t<p>Biura i lokale do wynaj\u0119cia<\/p>\t\t\t\t\t\t\t\t<\/div>\n\t\t\t\t\t<\/div>\n\t\t\t\t<\/div>\n\t\t<div class=\"elementor-element elementor-element-612ed8a kwadrat e-con-full e-flex e-con e-child\" data-id=\"612ed8a\" data-element_type=\"container\" data-e-type=\"container\" data-settings=\"{&quot;background_background&quot;:&quot;classic&quot;}\">\n\t\t\t\t<div class=\"elementor-element elementor-element-61736c8 elementor-widget elementor-widget-image\" data-id=\"61736c8\" data-element_type=\"widget\" data-e-type=\"widget\" data-widget_type=\"image.default\">\n\t\t\t\t\t\t\t\t\t\t\t\t\t\t\t<img decoding=\"async\" src=\"https:\/\/serwer.bydgoszcz.pl\/wp-content\/uploads\/2026\/04\/mouse-03-03.png\" title=\"mouse-03-03\" alt=\"mouse-03-03\" loading=\"lazy\" \/>\t\t\t\t\t\t\t\t\t\t\t\t\t\t\t<\/div>\n\t\t\t\t<div class=\"elementor-element elementor-element-1aa78bd elementor-widget elementor-widget-text-editor\" data-id=\"1aa78bd\" data-element_type=\"widget\" data-e-type=\"widget\" data-widget_type=\"text-editor.default\">\n\t\t\t\t\t\t\t\t\t<p><strong>SERWIS KOMPUTEROWY<\/strong><\/p>\t\t\t\t\t\t\t\t<\/div>\n\t\t\t\t<div class=\"elementor-element elementor-element-e81e895 elementor-widget elementor-widget-text-editor\" data-id=\"e81e895\" data-element_type=\"widget\" data-e-type=\"widget\" data-widget_type=\"text-editor.default\">\n\t\t\t\t\t\t\t\t\t<p>Sprzeda\u017c sprz\u0119tu, us\u0142ugi informatyczne<\/p>\t\t\t\t\t\t\t\t<\/div>\n\t\t\t\t<\/div>\n\t\t<div class=\"elementor-element elementor-element-2114850 kwadrat e-con-full e-flex e-con e-child\" data-id=\"2114850\" data-element_type=\"container\" data-e-type=\"container\" data-settings=\"{&quot;background_background&quot;:&quot;classic&quot;}\">\n\t\t\t\t<div class=\"elementor-element elementor-element-3546756 elementor-widget elementor-widget-image\" data-id=\"3546756\" data-element_type=\"widget\" data-e-type=\"widget\" data-widget_type=\"image.default\">\n\t\t\t\t\t\t\t\t\t\t\t\t\t\t\t<img decoding=\"async\" src=\"https:\/\/serwer.bydgoszcz.pl\/wp-content\/uploads\/2026\/04\/hammer-04-04.png\" title=\"hammer-04-04\" alt=\"hammer-04-04\" loading=\"lazy\" \/>\t\t\t\t\t\t\t\t\t\t\t\t\t\t\t<\/div>\n\t\t\t\t<div class=\"elementor-element elementor-element-315b44b elementor-widget elementor-widget-text-editor\" data-id=\"315b44b\" data-element_type=\"widget\" data-e-type=\"widget\" data-widget_type=\"text-editor.default\">\n\t\t\t\t\t\t\t\t\t<p><strong>US\u0141UGI RZECZOZNAWCY<\/strong><\/p>\t\t\t\t\t\t\t\t<\/div>\n\t\t\t\t<div class=\"elementor-element elementor-element-7c1de50 elementor-widget elementor-widget-text-editor\" data-id=\"7c1de50\" data-element_type=\"widget\" data-e-type=\"widget\" data-widget_type=\"text-editor.default\">\n\t\t\t\t\t\t\t\t\t<p>Wydawanie opinii s\u0105dowych<\/p>\t\t\t\t\t\t\t\t<\/div>\n\t\t\t\t<\/div>\n\t\t\t\t\t<\/div>\n\t\t\t\t<\/div>\n\t\t\t\t<\/div>\n\t\t\t\t<\/div>\n\t\t","protected":false},"excerpt":{"rendered":"<p>NIERUCHOMO\u015aCI Biura i lokale do wynaj\u0119cia SERWIS KOMPUTEROWY Sprzeda\u017c sprz\u0119tu, us\u0142ugi informatyczne US\u0141UGI RZECZOZNAWCY Wydawanie opinii s\u0105dowych<\/p>\n","protected":false},"author":1,"featured_media":0,"parent":0,"menu_order":0,"comment_status":"closed","ping_status":"closed","template":"elementor_header_footer","meta":{"footnotes":""},"class_list":["post-507","page","type-page","status-publish","hentry"],"yoast_head":"<!-- This site is optimized with the Yoast SEO plugin v18.9 - https:\/\/yoast.com\/wordpress\/plugins\/seo\/ -->\n<title>Strona g\u0142\u00f3wna - SERWER<\/title>\n<meta name=\"robots\" content=\"index, follow, max-snippet:-1, max-image-preview:large, max-video-preview:-1\" \/>\n<link rel=\"canonical\" href=\"http:\/\/serwer.bydgoszcz.pl\/\" \/>\n<meta property=\"og:locale\" content=\"pl_PL\" \/>\n<meta property=\"og:type\" content=\"article\" \/>\n<meta property=\"og:title\" content=\"Strona g\u0142\u00f3wna - SERWER\" \/>\n<meta property=\"og:description\" content=\"NIERUCHOMO\u015aCI Biura i lokale do wynaj\u0119cia SERWIS KOMPUTEROWY Sprzeda\u017c sprz\u0119tu, us\u0142ugi informatyczne US\u0141UGI RZECZOZNAWCY Wydawanie opinii s\u0105dowych\" \/>\n<meta property=\"og:url\" content=\"http:\/\/serwer.bydgoszcz.pl\/\" \/>\n<meta property=\"og:site_name\" content=\"SERWER\" \/>\n<meta property=\"article:modified_time\" content=\"2026-04-08T13:50:38+00:00\" \/>\n<meta property=\"og:image\" content=\"http:\/\/serwer.bydgoszcz.pl\/wp-content\/uploads\/2022\/02\/pomocy.png\" \/>\n<meta name=\"twitter:card\" content=\"summary_large_image\" \/>\n<script type=\"application\/ld+json\" class=\"yoast-schema-graph\">{\"@context\":\"https:\/\/schema.org\",\"@graph\":[{\"@type\":\"WebSite\",\"@id\":\"http:\/\/serwer.bydgoszcz.pl\/#website\",\"url\":\"http:\/\/serwer.bydgoszcz.pl\/\",\"name\":\"SERWER\",\"description\":\"Kompleksowa obs\u0142uga firm oraz klient\u00f3w indywidualnych\",\"potentialAction\":[{\"@type\":\"SearchAction\",\"target\":{\"@type\":\"EntryPoint\",\"urlTemplate\":\"http:\/\/serwer.bydgoszcz.pl\/?s={search_term_string}\"},\"query-input\":\"required name=search_term_string\"}],\"inLanguage\":\"pl-PL\"},{\"@type\":\"ImageObject\",\"inLanguage\":\"pl-PL\",\"@id\":\"http:\/\/serwer.bydgoszcz.pl\/#primaryimage\",\"url\":\"https:\/\/serwer.bydgoszcz.pl\/wp-content\/uploads\/2022\/02\/pomocy.png\",\"contentUrl\":\"https:\/\/serwer.bydgoszcz.pl\/wp-content\/uploads\/2022\/02\/pomocy.png\",\"width\":1400,\"height\":500},{\"@type\":\"WebPage\",\"@id\":\"http:\/\/serwer.bydgoszcz.pl\/#webpage\",\"url\":\"http:\/\/serwer.bydgoszcz.pl\/\",\"name\":\"Strona g\u0142\u00f3wna - SERWER\",\"isPartOf\":{\"@id\":\"http:\/\/serwer.bydgoszcz.pl\/#website\"},\"primaryImageOfPage\":{\"@id\":\"http:\/\/serwer.bydgoszcz.pl\/#primaryimage\"},\"datePublished\":\"2026-04-08T11:25:50+00:00\",\"dateModified\":\"2026-04-08T13:50:38+00:00\",\"breadcrumb\":{\"@id\":\"http:\/\/serwer.bydgoszcz.pl\/#breadcrumb\"},\"inLanguage\":\"pl-PL\",\"potentialAction\":[{\"@type\":\"ReadAction\",\"target\":[\"http:\/\/serwer.bydgoszcz.pl\/\"]}]},{\"@type\":\"BreadcrumbList\",\"@id\":\"http:\/\/serwer.bydgoszcz.pl\/#breadcrumb\",\"itemListElement\":[{\"@type\":\"ListItem\",\"position\":1,\"name\":\"Strona g\u0142\u00f3wna\",\"item\":\"http:\/\/serwer.bydgoszcz.pl\/\"},{\"@type\":\"ListItem\",\"position\":2,\"name\":\"Strona g\u0142\u00f3wna\"}]}]}<\/script>\n<!-- \/ Yoast SEO plugin. -->","yoast_head_json":{"title":"Strona g\u0142\u00f3wna - SERWER","robots":{"index":"index","follow":"follow","max-snippet":"max-snippet:-1","max-image-preview":"max-image-preview:large","max-video-preview":"max-video-preview:-1"},"canonical":"http:\/\/serwer.bydgoszcz.pl\/","og_locale":"pl_PL","og_type":"article","og_title":"Strona g\u0142\u00f3wna - SERWER","og_description":"NIERUCHOMO\u015aCI Biura i lokale do wynaj\u0119cia SERWIS KOMPUTEROWY Sprzeda\u017c sprz\u0119tu, us\u0142ugi informatyczne US\u0141UGI RZECZOZNAWCY Wydawanie opinii s\u0105dowych","og_url":"http:\/\/serwer.bydgoszcz.pl\/","og_site_name":"SERWER","article_modified_time":"2026-04-08T13:50:38+00:00","og_image":[{"url":"http:\/\/serwer.bydgoszcz.pl\/wp-content\/uploads\/2022\/02\/pomocy.png"}],"twitter_card":"summary_large_image","schema":{"@context":"https:\/\/schema.org","@graph":[{"@type":"WebSite","@id":"http:\/\/serwer.bydgoszcz.pl\/#website","url":"http:\/\/serwer.bydgoszcz.pl\/","name":"SERWER","description":"Kompleksowa obs\u0142uga firm oraz klient\u00f3w indywidualnych","potentialAction":[{"@type":"SearchAction","target":{"@type":"EntryPoint","urlTemplate":"http:\/\/serwer.bydgoszcz.pl\/?s={search_term_string}"},"query-input":"required name=search_term_string"}],"inLanguage":"pl-PL"},{"@type":"ImageObject","inLanguage":"pl-PL","@id":"http:\/\/serwer.bydgoszcz.pl\/#primaryimage","url":"https:\/\/serwer.bydgoszcz.pl\/wp-content\/uploads\/2022\/02\/pomocy.png","contentUrl":"https:\/\/serwer.bydgoszcz.pl\/wp-content\/uploads\/2022\/02\/pomocy.png","width":1400,"height":500},{"@type":"WebPage","@id":"http:\/\/serwer.bydgoszcz.pl\/#webpage","url":"http:\/\/serwer.bydgoszcz.pl\/","name":"Strona g\u0142\u00f3wna - SERWER","isPartOf":{"@id":"http:\/\/serwer.bydgoszcz.pl\/#website"},"primaryImageOfPage":{"@id":"http:\/\/serwer.bydgoszcz.pl\/#primaryimage"},"datePublished":"2026-04-08T11:25:50+00:00","dateModified":"2026-04-08T13:50:38+00:00","breadcrumb":{"@id":"http:\/\/serwer.bydgoszcz.pl\/#breadcrumb"},"inLanguage":"pl-PL","potentialAction":[{"@type":"ReadAction","target":["http:\/\/serwer.bydgoszcz.pl\/"]}]},{"@type":"BreadcrumbList","@id":"http:\/\/serwer.bydgoszcz.pl\/#breadcrumb","itemListElement":[{"@type":"ListItem","position":1,"name":"Strona g\u0142\u00f3wna","item":"http:\/\/serwer.bydgoszcz.pl\/"},{"@type":"ListItem","position":2,"name":"Strona g\u0142\u00f3wna"}]}]}},"_links":{"self":[{"href":"https:\/\/serwer.bydgoszcz.pl\/index.php?rest_route=\/wp\/v2\/pages\/507","targetHints":{"allow":["GET"]}}],"collection":[{"href":"https:\/\/serwer.bydgoszcz.pl\/index.php?rest_route=\/wp\/v2\/pages"}],"about":[{"href":"https:\/\/serwer.bydgoszcz.pl\/index.php?rest_route=\/wp\/v2\/types\/page"}],"author":[{"embeddable":true,"href":"https:\/\/serwer.bydgoszcz.pl\/index.php?rest_route=\/wp\/v2\/users\/1"}],"replies":[{"embeddable":true,"href":"https:\/\/serwer.bydgoszcz.pl\/index.php?rest_route=%2Fwp%2Fv2%2Fcomments&post=507"}],"version-history":[{"count":49,"href":"https:\/\/serwer.bydgoszcz.pl\/index.php?rest_route=\/wp\/v2\/pages\/507\/revisions"}],"predecessor-version":[{"id":614,"href":"https:\/\/serwer.bydgoszcz.pl\/index.php?rest_route=\/wp\/v2\/pages\/507\/revisions\/614"}],"wp:attachment":[{"href":"https:\/\/serwer.bydgoszcz.pl\/index.php?rest_route=%2Fwp%2Fv2%2Fmedia&parent=507"}],"curies":[{"name":"wp","href":"https:\/\/api.w.org\/{rel}","templated":true}]}}