{"id":21,"date":"2020-12-27T12:37:51","date_gmt":"2020-12-27T11:37:51","guid":{"rendered":"http:\/\/serwer.bydgoszcz.pl\/?page_id=21"},"modified":"2022-05-19T22:21:06","modified_gmt":"2022-05-19T20:21:06","slug":"uslugi-informatyczne","status":"publish","type":"page","link":"https:\/\/serwer.bydgoszcz.pl\/?page_id=21","title":{"rendered":"Us\u0142ugi informatyczne"},"content":{"rendered":"\n<meta name=\"description\" content=\"Serwis informatyczny SERWER umieszczony w centrum Bydgoszczy. Oprogramowanie, przetwarzanie i odzyskiwanie danych, audyty, wdro\u017cenia i konsultacje. Profesjonalne doradztwo.\">\n\n<div style=\"text-align: justify; padding-left: 300px; padding-right: 300px;\">\n<div style=\"text-indent:5%;\">Firma SERWER s\u0142ynie z zajmowania si\u0119 kwestiami informatycznymi. Oferujemy serwis sprz\u0119tu komputerowego. \u015awiadczymy us\u0142ugi w zakresie <b>oprogramowania, przetwarzania i odzyskiwania danych<\/b>. Wykonujemy <b>audyty, prowadzimy wdro\u017cenia i  konsultacje<\/b>, zapewniamy <b>profesjonalne doradztwo<\/b> i inne us\u0142ugi wsparcia, w tym <b>administrowanie serwerami internetowymi i zarz\u0105dzanie urz\u0105dzeniami komputerowymi.<\/b><\/div>\n\n<div style=\"text-indent:5%;\">Wdra\u017camy i obs\u0142ugujemy <b>systemy ERP<\/b> (ang. Enterprise Resource Planning), czyli oprogramowania do zarz\u0105dzania przedsi\u0119biorstwami, dzia\u0142aj\u0105ce w oparciu o jedna baz\u0119 danych. Gromadzone s\u0105 w niej i przetwarzane dane ze wszystkich obszar\u00f3w dzia\u0142alno\u015bci przedsi\u0119biorstw, w tym sprzeda\u017cy, produkcji, magazynowania, logistyki, finans\u00f3w, ksi\u0119gowo\u015bci itp.<\/div>\n<\/div>\n","protected":false},"excerpt":{"rendered":"<p>Firma SERWER s\u0142ynie z zajmowania si\u0119 kwestiami informatycznymi. Oferujemy serwis sprz\u0119tu komputerowego. \u015awiadczymy us\u0142ugi w zakresie oprogramowania, przetwarzania i odzyskiwania [&hellip;]<\/p>\n","protected":false},"author":1,"featured_media":409,"parent":0,"menu_order":0,"comment_status":"closed","ping_status":"closed","template":"","meta":{"footnotes":""},"class_list":["post-21","page","type-page","status-publish","has-post-thumbnail","hentry"],"yoast_head":"<!-- This site is optimized with the Yoast SEO plugin v18.9 - https:\/\/yoast.com\/wordpress\/plugins\/seo\/ -->\n<title>Us\u0142ugi informatyczne - SERWER<\/title>\n<meta name=\"description\" content=\"Firma SERWER oferuje us\u0142ugi informatyczne na wysokim poziomie. Lokal umieszczony w centrum Bydgoszczy, \u0142atwy dojazd.\" \/>\n<meta name=\"robots\" content=\"index, follow, max-snippet:-1, max-image-preview:large, max-video-preview:-1\" \/>\n<link rel=\"canonical\" href=\"https:\/\/serwer.bydgoszcz.pl\/?page_id=21\" \/>\n<meta property=\"og:locale\" content=\"pl_PL\" \/>\n<meta property=\"og:type\" content=\"article\" \/>\n<meta property=\"og:title\" content=\"Us\u0142ugi informatyczne - SERWER\" \/>\n<meta property=\"og:description\" content=\"Firma SERWER oferuje us\u0142ugi informatyczne na wysokim poziomie. Lokal umieszczony w centrum Bydgoszczy, \u0142atwy dojazd.\" \/>\n<meta property=\"og:url\" content=\"https:\/\/serwer.bydgoszcz.pl\/?page_id=21\" \/>\n<meta property=\"og:site_name\" content=\"SERWER\" \/>\n<meta property=\"article:modified_time\" content=\"2022-05-19T20:21:06+00:00\" \/>\n<meta property=\"og:image\" content=\"https:\/\/serwer.bydgoszcz.pl\/wp-content\/uploads\/2021\/09\/laptop.png\" \/>\n\t<meta property=\"og:image:width\" content=\"1400\" \/>\n\t<meta property=\"og:image:height\" content=\"500\" \/>\n\t<meta property=\"og:image:type\" content=\"image\/png\" \/>\n<meta name=\"twitter:card\" content=\"summary_large_image\" \/>\n<meta name=\"twitter:label1\" content=\"Szacowany czas czytania\" \/>\n\t<meta name=\"twitter:data1\" content=\"1 minuta\" \/>\n<script type=\"application\/ld+json\" class=\"yoast-schema-graph\">{\"@context\":\"https:\/\/schema.org\",\"@graph\":[{\"@type\":\"WebSite\",\"@id\":\"http:\/\/serwer.bydgoszcz.pl\/#website\",\"url\":\"http:\/\/serwer.bydgoszcz.pl\/\",\"name\":\"SERWER\",\"description\":\"Kompleksowa obs\u0142uga firm oraz klient\u00f3w indywidualnych\",\"potentialAction\":[{\"@type\":\"SearchAction\",\"target\":{\"@type\":\"EntryPoint\",\"urlTemplate\":\"http:\/\/serwer.bydgoszcz.pl\/?s={search_term_string}\"},\"query-input\":\"required name=search_term_string\"}],\"inLanguage\":\"pl-PL\"},{\"@type\":\"ImageObject\",\"inLanguage\":\"pl-PL\",\"@id\":\"https:\/\/serwer.bydgoszcz.pl\/?page_id=21#primaryimage\",\"url\":\"https:\/\/serwer.bydgoszcz.pl\/wp-content\/uploads\/2021\/09\/laptop.png\",\"contentUrl\":\"https:\/\/serwer.bydgoszcz.pl\/wp-content\/uploads\/2021\/09\/laptop.png\",\"width\":1400,\"height\":500},{\"@type\":\"WebPage\",\"@id\":\"https:\/\/serwer.bydgoszcz.pl\/?page_id=21#webpage\",\"url\":\"https:\/\/serwer.bydgoszcz.pl\/?page_id=21\",\"name\":\"Us\u0142ugi informatyczne - SERWER\",\"isPartOf\":{\"@id\":\"http:\/\/serwer.bydgoszcz.pl\/#website\"},\"primaryImageOfPage\":{\"@id\":\"https:\/\/serwer.bydgoszcz.pl\/?page_id=21#primaryimage\"},\"datePublished\":\"2020-12-27T11:37:51+00:00\",\"dateModified\":\"2022-05-19T20:21:06+00:00\",\"description\":\"Firma SERWER oferuje us\u0142ugi informatyczne na wysokim poziomie. Lokal umieszczony w centrum Bydgoszczy, \u0142atwy dojazd.\",\"breadcrumb\":{\"@id\":\"https:\/\/serwer.bydgoszcz.pl\/?page_id=21#breadcrumb\"},\"inLanguage\":\"pl-PL\",\"potentialAction\":[{\"@type\":\"ReadAction\",\"target\":[\"https:\/\/serwer.bydgoszcz.pl\/?page_id=21\"]}]},{\"@type\":\"BreadcrumbList\",\"@id\":\"https:\/\/serwer.bydgoszcz.pl\/?page_id=21#breadcrumb\",\"itemListElement\":[{\"@type\":\"ListItem\",\"position\":1,\"name\":\"Strona g\u0142\u00f3wna\",\"item\":\"http:\/\/serwer.bydgoszcz.pl\/\"},{\"@type\":\"ListItem\",\"position\":2,\"name\":\"Us\u0142ugi informatyczne\"}]}]}<\/script>\n<!-- \/ Yoast SEO plugin. -->","yoast_head_json":{"title":"Us\u0142ugi informatyczne - SERWER","description":"Firma SERWER oferuje us\u0142ugi informatyczne na wysokim poziomie. Lokal umieszczony w centrum Bydgoszczy, \u0142atwy dojazd.","robots":{"index":"index","follow":"follow","max-snippet":"max-snippet:-1","max-image-preview":"max-image-preview:large","max-video-preview":"max-video-preview:-1"},"canonical":"https:\/\/serwer.bydgoszcz.pl\/?page_id=21","og_locale":"pl_PL","og_type":"article","og_title":"Us\u0142ugi informatyczne - SERWER","og_description":"Firma SERWER oferuje us\u0142ugi informatyczne na wysokim poziomie. Lokal umieszczony w centrum Bydgoszczy, \u0142atwy dojazd.","og_url":"https:\/\/serwer.bydgoszcz.pl\/?page_id=21","og_site_name":"SERWER","article_modified_time":"2022-05-19T20:21:06+00:00","og_image":[{"width":1400,"height":500,"url":"https:\/\/serwer.bydgoszcz.pl\/wp-content\/uploads\/2021\/09\/laptop.png","type":"image\/png"}],"twitter_card":"summary_large_image","twitter_misc":{"Szacowany czas czytania":"1 minuta"},"schema":{"@context":"https:\/\/schema.org","@graph":[{"@type":"WebSite","@id":"http:\/\/serwer.bydgoszcz.pl\/#website","url":"http:\/\/serwer.bydgoszcz.pl\/","name":"SERWER","description":"Kompleksowa obs\u0142uga firm oraz klient\u00f3w indywidualnych","potentialAction":[{"@type":"SearchAction","target":{"@type":"EntryPoint","urlTemplate":"http:\/\/serwer.bydgoszcz.pl\/?s={search_term_string}"},"query-input":"required name=search_term_string"}],"inLanguage":"pl-PL"},{"@type":"ImageObject","inLanguage":"pl-PL","@id":"https:\/\/serwer.bydgoszcz.pl\/?page_id=21#primaryimage","url":"https:\/\/serwer.bydgoszcz.pl\/wp-content\/uploads\/2021\/09\/laptop.png","contentUrl":"https:\/\/serwer.bydgoszcz.pl\/wp-content\/uploads\/2021\/09\/laptop.png","width":1400,"height":500},{"@type":"WebPage","@id":"https:\/\/serwer.bydgoszcz.pl\/?page_id=21#webpage","url":"https:\/\/serwer.bydgoszcz.pl\/?page_id=21","name":"Us\u0142ugi informatyczne - SERWER","isPartOf":{"@id":"http:\/\/serwer.bydgoszcz.pl\/#website"},"primaryImageOfPage":{"@id":"https:\/\/serwer.bydgoszcz.pl\/?page_id=21#primaryimage"},"datePublished":"2020-12-27T11:37:51+00:00","dateModified":"2022-05-19T20:21:06+00:00","description":"Firma SERWER oferuje us\u0142ugi informatyczne na wysokim poziomie. Lokal umieszczony w centrum Bydgoszczy, \u0142atwy dojazd.","breadcrumb":{"@id":"https:\/\/serwer.bydgoszcz.pl\/?page_id=21#breadcrumb"},"inLanguage":"pl-PL","potentialAction":[{"@type":"ReadAction","target":["https:\/\/serwer.bydgoszcz.pl\/?page_id=21"]}]},{"@type":"BreadcrumbList","@id":"https:\/\/serwer.bydgoszcz.pl\/?page_id=21#breadcrumb","itemListElement":[{"@type":"ListItem","position":1,"name":"Strona g\u0142\u00f3wna","item":"http:\/\/serwer.bydgoszcz.pl\/"},{"@type":"ListItem","position":2,"name":"Us\u0142ugi informatyczne"}]}]}},"_links":{"self":[{"href":"https:\/\/serwer.bydgoszcz.pl\/index.php?rest_route=\/wp\/v2\/pages\/21","targetHints":{"allow":["GET"]}}],"collection":[{"href":"https:\/\/serwer.bydgoszcz.pl\/index.php?rest_route=\/wp\/v2\/pages"}],"about":[{"href":"https:\/\/serwer.bydgoszcz.pl\/index.php?rest_route=\/wp\/v2\/types\/page"}],"author":[{"embeddable":true,"href":"https:\/\/serwer.bydgoszcz.pl\/index.php?rest_route=\/wp\/v2\/users\/1"}],"replies":[{"embeddable":true,"href":"https:\/\/serwer.bydgoszcz.pl\/index.php?rest_route=%2Fwp%2Fv2%2Fcomments&post=21"}],"version-history":[{"count":7,"href":"https:\/\/serwer.bydgoszcz.pl\/index.php?rest_route=\/wp\/v2\/pages\/21\/revisions"}],"predecessor-version":[{"id":484,"href":"https:\/\/serwer.bydgoszcz.pl\/index.php?rest_route=\/wp\/v2\/pages\/21\/revisions\/484"}],"wp:featuredmedia":[{"embeddable":true,"href":"https:\/\/serwer.bydgoszcz.pl\/index.php?rest_route=\/wp\/v2\/media\/409"}],"wp:attachment":[{"href":"https:\/\/serwer.bydgoszcz.pl\/index.php?rest_route=%2Fwp%2Fv2%2Fmedia&parent=21"}],"curies":[{"name":"wp","href":"https:\/\/api.w.org\/{rel}","templated":true}]}}